{"id":1605,"date":"2025-12-04T06:20:52","date_gmt":"2025-12-04T05:20:52","guid":{"rendered":"https:\/\/www.profil-group.com\/piskotki\/"},"modified":"2025-12-04T06:20:52","modified_gmt":"2025-12-04T05:20:52","slug":"piskotki","status":"publish","type":"page","link":"https:\/\/www.profil-group.com\/en\/piskotki\/","title":{"rendered":"Pi\u0161kotki"},"content":{"rendered":"<div class=\"wpb-content-wrapper\"><p>[vc_row full_width=&#8221;stretch_row_content_no_spaces&#8221;][vc_column]        \r\n        <div class=\"title-banner no-intro-image  \" style=\"\">\r\n          <div class=\"container\">\r\n            <div class=\"breadcrumbs-container\">\r\n                    <div class=\"breadcrumbs\">\r\n                      <p id=\"breadcrumbs\"><span><span><a href=\"https:\/\/www.profil-group.com\/en\/\">Home<\/a><\/span><\/span><\/p>                      <div class=\"clearfix\"><\/div>\r\n                    <\/div>\r\n                <\/div>\r\n                                                          <h1>Pi\u0161kotki<\/h1>\r\n                                              <\/div>\r\n        <\/div>\r\n        [\/vc_column][\/vc_row][vc_row][vc_column][vc_column_text]<\/p>\n<h2>Pravna podlaga<\/h2>\n<p>Podlaga za obvestilo o pi\u0161kotkih je spremenjen Zakon o elektronskih komunikacijah (Uradni list \u0161t. 109\/2012; na kratko ZEKom-1), ki je za\u010del veljati v za\u010detku leta 2013 in je prinesel nova pravila glede uporabe pi\u0161kotkov in podobnih tehnologij za shranjevanje informacij ali dostop do informacij, shranjenih na ra\u010dunalniku ali mobilni napravi uporabnika.<\/p>\n<h2>Kaj so pi\u0161kotki in zakaj jih spletna stran potrebuje<\/h2>\n<p>Pi\u0161kotek je majhna tekstovna datoteka, ki se prenese na ra\u010dunalnik uporabnika ob njegovem obisku spletne strani in obi\u010dajno vsebuje:<\/p>\n<ul>\n<li class=\"firstItem\">ime stre\u017enika, s katerega je bil poslan pi\u0161kotek;<\/li>\n<li>\u017eivljenjsko dobo pi\u0161kotka;<\/li>\n<li class=\"lastItem\">vrednost \u2013 navadno naklju\u010dno generirano edinstveno \u0161tevilo.<\/li>\n<\/ul>\n<p>Sam pi\u0161kotek ne vsebuje ali zbira informacij. \u010ce pa ga prebere stre\u017enik skupaj s spletnim brskalnikom, je to lahko spletnemu mestu v pomo\u010d pri izvajanju uporabniku prijaznej\u0161ih storitev \u2013 na primer tako, da se spomni prej\u0161njih nakupov ali podatkov o uporabnikovem ra\u010dunu. Samo stre\u017enik, ki je poslal pi\u0161kotek, lahko prebere in uporablja ta pi\u0161kotek.<\/p>\n<p>Na spletnem mestu, vrednem zaupanja, lahko tako pi\u0161kotki obogatijo izku\u0161njo. Lahko pa so pi\u0161kotki uporabljeni tudi na na\u010dine, ki pomenijo poseg v posameznikovo zasebnost. Pi\u0161kotki so lahko shranjeni razli\u010dno dolgo, le za trajanje seje brskanja ali pa veliko dlje.<\/p>\n<h2>Katere pi\u0161kotke uporabljamo na strani in zakaj<\/h2>\n<p>Na spletni strani uporabljamo izklju\u010dno pi\u0161kotke, ki so dovoljeni v skladu z zakonom ZEKom-1. Uporabljeni so le pi\u0161kotki, ki so nujno potrebni za delovanje te spletne strani. Za bele\u017eenje statistike obiskanosti strani, uporabljamo sistem, ki zapi\u0161e le sejni pi\u0161kotek in ne sledi va\u0161emu nadaljnemu vedenju na spletni strani oz. v povezavi z drugimi stranmi. Z nadaljno uporabo te spletne strani se strinjate z rabo v nadaljevanju opisanih pi\u0161kotkov.<\/p>\n<h2>Katere pi\u0161kotke lahko uporablja ta spletna stran<\/h2>\n<table class=\"Table\" border=\"0\" width=\"100%\" cellspacing=\"0\" cellpadding=\"0\">\n<tbody>\n<tr>\n<td align=\"left\" valign=\"top\">Ime pi\u0161kotka<\/td>\n<td align=\"left\" valign=\"top\">Namen<\/td>\n<td align=\"left\" valign=\"top\">Trajanje<\/td>\n<\/tr>\n<tr>\n<td align=\"left\" valign=\"top\">PHPSESSID<\/td>\n<td align=\"left\" valign=\"top\">Vzpostavitev delovanja strani.<\/td>\n<td align=\"left\" valign=\"top\">Seja<\/td>\n<\/tr>\n<tr>\n<td align=\"left\" valign=\"top\">_ga<\/td>\n<td align=\"left\" valign=\"top\">Zabele\u017ei razlikovanje med uporabniki (sejami).<\/td>\n<td align=\"left\" valign=\"top\">2 leti<\/td>\n<\/tr>\n<tr>\n<td align=\"left\" valign=\"top\">_gat<\/td>\n<td align=\"left\" valign=\"top\">Zabele\u017ei novega uporabnika (sejo).<\/td>\n<td align=\"left\" valign=\"top\">10 minut<\/td>\n<\/tr>\n<\/tbody>\n<\/table>\n<p>[\/vc_column_text][\/vc_column][\/vc_row][vc_row][vc_column][vc_empty_space][\/vc_column][\/vc_row]<\/p>\n<\/div>","protected":false},"excerpt":{"rendered":"<p>[vc_row full_width=&#8221;stretch_row_content_no_spaces&#8221;][vc_column][\/vc_column][\/vc_row][vc_row][vc_column][vc_column_text] Pravna podlaga Podlaga za obvestilo o pi\u0161kotkih je spremenjen Zakon o elektronskih komunikacijah (Uradni list \u0161t. 109\/2012; na kratko ZEKom-1), ki je za\u010del veljati v za\u010detku leta 2013 in je prinesel nova pravila glede uporabe pi\u0161kotkov in podobnih tehnologij za shranjevanje informacij ali dostop do informacij, shranjenih na ra\u010dunalniku ali mobilni napravi uporabnika. Kaj so pi\u0161kotki in zakaj jih spletna stran potrebuje Pi\u0161kotek je majhna tekstovna datoteka, ki se prenese na ra\u010dunalnik uporabnika ob njegovem obisku spletne strani in obi\u010dajno vsebuje: ime stre\u017enika, s katerega je bil poslan pi\u0161kotek; \u017eivljenjsko dobo pi\u0161kotka; vrednost \u2013 navadno naklju\u010dno generirano edinstveno \u0161tevilo. Sam pi\u0161kotek ne vsebuje ali zbira informacij. \u010ce pa ga prebere stre\u017enik skupaj s spletnim brskalnikom, je to lahko [&hellip;]<\/p>\n","protected":false},"author":1,"featured_media":0,"parent":0,"menu_order":8,"comment_status":"closed","ping_status":"closed","template":"","meta":{"_acf_changed":false,"footnotes":""},"class_list":["post-1605","page","type-page","status-publish","hentry"],"acf":[],"yoast_head":"<!-- This site is optimized with the Yoast SEO plugin v26.1.1 - https:\/\/yoast.com\/wordpress\/plugins\/seo\/ -->\n<title>Pi\u0161kotki - Profil<\/title>\n<meta name=\"robots\" content=\"index, follow, max-snippet:-1, max-image-preview:large, max-video-preview:-1\" \/>\n<link rel=\"canonical\" href=\"https:\/\/www.profil-group.com\/en\/piskotki\/\" \/>\n<meta property=\"og:locale\" content=\"en_US\" \/>\n<meta property=\"og:type\" content=\"article\" \/>\n<meta property=\"og:title\" content=\"Pi\u0161kotki - Profil\" \/>\n<meta property=\"og:description\" content=\"[vc_row full_width=&#8221;stretch_row_content_no_spaces&#8221;][vc_column][\/vc_column][\/vc_row][vc_row][vc_column][vc_column_text] Pravna podlaga Podlaga za obvestilo o pi\u0161kotkih je spremenjen Zakon o elektronskih komunikacijah (Uradni list \u0161t. 109\/2012; na kratko ZEKom-1), ki je za\u010del veljati v za\u010detku leta 2013 in je prinesel nova pravila glede uporabe pi\u0161kotkov in podobnih tehnologij za shranjevanje informacij ali dostop do informacij, shranjenih na ra\u010dunalniku ali mobilni napravi uporabnika. Kaj so pi\u0161kotki in zakaj jih spletna stran potrebuje Pi\u0161kotek je majhna tekstovna datoteka, ki se prenese na ra\u010dunalnik uporabnika ob njegovem obisku spletne strani in obi\u010dajno vsebuje: ime stre\u017enika, s katerega je bil poslan pi\u0161kotek; \u017eivljenjsko dobo pi\u0161kotka; vrednost \u2013 navadno naklju\u010dno generirano edinstveno \u0161tevilo. Sam pi\u0161kotek ne vsebuje ali zbira informacij. \u010ce pa ga prebere stre\u017enik skupaj s spletnim brskalnikom, je to lahko [&hellip;]\" \/>\n<meta property=\"og:url\" content=\"https:\/\/www.profil-group.com\/en\/piskotki\/\" \/>\n<meta property=\"og:site_name\" content=\"Profil\" \/>\n<meta name=\"twitter:card\" content=\"summary_large_image\" \/>\n<meta name=\"twitter:label1\" content=\"Est. reading time\" \/>\n\t<meta name=\"twitter:data1\" content=\"2 minutes\" \/>\n<script type=\"application\/ld+json\" class=\"yoast-schema-graph\">{\"@context\":\"https:\/\/schema.org\",\"@graph\":[{\"@type\":\"WebPage\",\"@id\":\"https:\/\/www.profil-group.com\/en\/piskotki\/\",\"url\":\"https:\/\/www.profil-group.com\/en\/piskotki\/\",\"name\":\"Pi\u0161kotki - Profil\",\"isPartOf\":{\"@id\":\"https:\/\/www.profil-group.com\/#website\"},\"datePublished\":\"2025-12-04T05:20:52+00:00\",\"breadcrumb\":{\"@id\":\"https:\/\/www.profil-group.com\/en\/piskotki\/#breadcrumb\"},\"inLanguage\":\"en-US\",\"potentialAction\":[{\"@type\":\"ReadAction\",\"target\":[\"https:\/\/www.profil-group.com\/en\/piskotki\/\"]}]},{\"@type\":\"BreadcrumbList\",\"@id\":\"https:\/\/www.profil-group.com\/en\/piskotki\/#breadcrumb\",\"itemListElement\":[{\"@type\":\"ListItem\",\"position\":1,\"name\":\"Home\",\"item\":\"https:\/\/www.profil-group.com\/en\/\"},{\"@type\":\"ListItem\",\"position\":2,\"name\":\"Pi\u0161kotki\"}]},{\"@type\":\"WebSite\",\"@id\":\"https:\/\/www.profil-group.com\/#website\",\"url\":\"https:\/\/www.profil-group.com\/\",\"name\":\"Profil\",\"description\":\"\",\"potentialAction\":[{\"@type\":\"SearchAction\",\"target\":{\"@type\":\"EntryPoint\",\"urlTemplate\":\"https:\/\/www.profil-group.com\/?s={search_term_string}\"},\"query-input\":{\"@type\":\"PropertyValueSpecification\",\"valueRequired\":true,\"valueName\":\"search_term_string\"}}],\"inLanguage\":\"en-US\"}]}<\/script>\n<!-- \/ Yoast SEO plugin. -->","yoast_head_json":{"title":"Pi\u0161kotki - Profil","robots":{"index":"index","follow":"follow","max-snippet":"max-snippet:-1","max-image-preview":"max-image-preview:large","max-video-preview":"max-video-preview:-1"},"canonical":"https:\/\/www.profil-group.com\/en\/piskotki\/","og_locale":"en_US","og_type":"article","og_title":"Pi\u0161kotki - Profil","og_description":"[vc_row full_width=&#8221;stretch_row_content_no_spaces&#8221;][vc_column][\/vc_column][\/vc_row][vc_row][vc_column][vc_column_text] Pravna podlaga Podlaga za obvestilo o pi\u0161kotkih je spremenjen Zakon o elektronskih komunikacijah (Uradni list \u0161t. 109\/2012; na kratko ZEKom-1), ki je za\u010del veljati v za\u010detku leta 2013 in je prinesel nova pravila glede uporabe pi\u0161kotkov in podobnih tehnologij za shranjevanje informacij ali dostop do informacij, shranjenih na ra\u010dunalniku ali mobilni napravi uporabnika. Kaj so pi\u0161kotki in zakaj jih spletna stran potrebuje Pi\u0161kotek je majhna tekstovna datoteka, ki se prenese na ra\u010dunalnik uporabnika ob njegovem obisku spletne strani in obi\u010dajno vsebuje: ime stre\u017enika, s katerega je bil poslan pi\u0161kotek; \u017eivljenjsko dobo pi\u0161kotka; vrednost \u2013 navadno naklju\u010dno generirano edinstveno \u0161tevilo. Sam pi\u0161kotek ne vsebuje ali zbira informacij. \u010ce pa ga prebere stre\u017enik skupaj s spletnim brskalnikom, je to lahko [&hellip;]","og_url":"https:\/\/www.profil-group.com\/en\/piskotki\/","og_site_name":"Profil","twitter_card":"summary_large_image","twitter_misc":{"Est. reading time":"2 minutes"},"schema":{"@context":"https:\/\/schema.org","@graph":[{"@type":"WebPage","@id":"https:\/\/www.profil-group.com\/en\/piskotki\/","url":"https:\/\/www.profil-group.com\/en\/piskotki\/","name":"Pi\u0161kotki - Profil","isPartOf":{"@id":"https:\/\/www.profil-group.com\/#website"},"datePublished":"2025-12-04T05:20:52+00:00","breadcrumb":{"@id":"https:\/\/www.profil-group.com\/en\/piskotki\/#breadcrumb"},"inLanguage":"en-US","potentialAction":[{"@type":"ReadAction","target":["https:\/\/www.profil-group.com\/en\/piskotki\/"]}]},{"@type":"BreadcrumbList","@id":"https:\/\/www.profil-group.com\/en\/piskotki\/#breadcrumb","itemListElement":[{"@type":"ListItem","position":1,"name":"Home","item":"https:\/\/www.profil-group.com\/en\/"},{"@type":"ListItem","position":2,"name":"Pi\u0161kotki"}]},{"@type":"WebSite","@id":"https:\/\/www.profil-group.com\/#website","url":"https:\/\/www.profil-group.com\/","name":"Profil","description":"","potentialAction":[{"@type":"SearchAction","target":{"@type":"EntryPoint","urlTemplate":"https:\/\/www.profil-group.com\/?s={search_term_string}"},"query-input":{"@type":"PropertyValueSpecification","valueRequired":true,"valueName":"search_term_string"}}],"inLanguage":"en-US"}]}},"_links":{"self":[{"href":"https:\/\/www.profil-group.com\/en\/wp-json\/wp\/v2\/pages\/1605","targetHints":{"allow":["GET"]}}],"collection":[{"href":"https:\/\/www.profil-group.com\/en\/wp-json\/wp\/v2\/pages"}],"about":[{"href":"https:\/\/www.profil-group.com\/en\/wp-json\/wp\/v2\/types\/page"}],"author":[{"embeddable":true,"href":"https:\/\/www.profil-group.com\/en\/wp-json\/wp\/v2\/users\/1"}],"replies":[{"embeddable":true,"href":"https:\/\/www.profil-group.com\/en\/wp-json\/wp\/v2\/comments?post=1605"}],"version-history":[{"count":0,"href":"https:\/\/www.profil-group.com\/en\/wp-json\/wp\/v2\/pages\/1605\/revisions"}],"wp:attachment":[{"href":"https:\/\/www.profil-group.com\/en\/wp-json\/wp\/v2\/media?parent=1605"}],"curies":[{"name":"wp","href":"https:\/\/api.w.org\/{rel}","templated":true}]}}