{"id":1630,"date":"2025-10-16T12:05:27","date_gmt":"2025-10-16T10:05:27","guid":{"rendered":"https:\/\/www.profil-group.com\/spela-mihelin-jacimovic\/"},"modified":"2026-02-06T11:34:08","modified_gmt":"2026-02-06T10:34:08","slug":"spela-mihelin-jacimovic","status":"publish","type":"page","link":"https:\/\/www.profil-group.com\/en\/our-story\/team-profiles\/spela-mihelin-jacimovic\/","title":{"rendered":"\u0160pela Mihelin Ja\u0107imovi\u0107"},"content":{"rendered":"<div class=\"wpb-content-wrapper\"><p>[vc_row full_width=&#8221;stretch_row_content_no_spaces&#8221;][vc_column]        \r\n        <div class=\"title-banner no-intro-image  \" style=\"\">\r\n          <div class=\"container\">\r\n            <div class=\"breadcrumbs-container\">\r\n                    <div class=\"breadcrumbs\">\r\n                      <p id=\"breadcrumbs\"><span><span><a href=\"https:\/\/www.profil-group.com\/en\/\">Home<\/a><\/span><\/span><\/p>                      <div class=\"clearfix\"><\/div>\r\n                    <\/div>\r\n                <\/div>\r\n                                                          <h1>\u0160pela Mihelin Ja\u0107imovi\u0107<\/h1>\r\n                                              <\/div>\r\n        <\/div>\r\n        [\/vc_column][\/vc_row][vc_row el_class=&#8221;bottom-padding&#8221;][vc_column width=&#8221;1\/12&#8243;][\/vc_column][vc_column width=&#8221;4\/12&#8243;]        \r\n                  <div class=\"person-img\">\r\n            <img decoding=\"async\" src=\"https:\/\/www.profil-group.com\/wp-content\/uploads\/2025\/11\/Spela-Mihelin-Jacimovic-small.jpg\" class=\"img-responsive\" alt=\"\">\r\n          <\/div>\r\n        \t\t\r\n\t\t  [\/vc_column][vc_column width=&#8221;6\/12&#8243;]        <div class=\"person-container\">\n          <div class=\"name-container\">\n            <h1><\/h1>\n            <a href=\"https:\/\/www.linkedin.com\/in\/spela-mihelin\/\" target=\"_blank\"><svg width=\"35\" height=\"35\" viewBox=\"0 0 35 35\" fill=\"none\" xmlns=\"http:\/\/www.w3.org\/2000\/svg\">\n<rect width=\"35\" height=\"35\" rx=\"17.5\" fill=\"#E6BE7C\"\/>\n<path d=\"M10.28 12.5638C11.5467 12.5638 12.56 11.5338 12.56 10.2819C12.56 9.03003 11.5308 8 10.28 8C9.02917 8 8 9.03003 8 10.2819C8 11.5338 9.02917 12.5638 10.28 12.5638ZM14.7292 14.2911V27H18.6558V20.7248C18.6558 19.0609 18.9725 17.4604 21.015 17.4604C23.0575 17.4604 23.0575 19.362 23.0575 20.8198V27H27V20.0275C27 16.6047 26.2717 13.9741 22.2817 13.9741C20.3658 13.9741 19.0833 15.02 18.5608 16.0183H18.5133V14.2752H14.745L14.7292 14.2911ZM8.31667 14.2911H12.2592V27H8.31667V14.2911Z\" fill=\"#1F2E46\"\/>\n<\/svg>\n<\/a>          <\/div>\n          <div class=\"meta-container\">\n                        <p>MA of Laws<\/p>\n                                    <p><strong>Project Manager \u2013 Legal and HR Consultant<\/strong><\/p>\n                      <\/div>\n                    <div class=\"mail-container\"><svg xmlns=\"http:\/\/www.w3.org\/2000\/svg\" width=\"18\" height=\"14\" viewBox=\"0 0 18 14\" fill=\"none\">\n  <path d=\"M1.616 14C1.15533 14 0.771 13.846 0.463 13.538C0.155 13.23 0.000666667 12.8453 0 12.384V1.616C0 1.15533 0.154333 0.771 0.463 0.463C0.771667 0.155 1.15567 0.000666667 1.615 0H16.385C16.845 0 17.229 0.154333 17.537 0.463C17.845 0.771667 17.9993 1.156 18 1.616V12.385C18 12.845 17.8457 13.2293 17.537 13.538C17.2283 13.8467 16.8443 14.0007 16.385 14H1.616ZM17 1.885L9.448 6.829C9.37733 6.86567 9.306 6.89667 9.234 6.922C9.16133 6.94667 9.08333 6.959 9 6.959C8.91667 6.959 8.83867 6.94667 8.766 6.922C8.69333 6.89733 8.622 6.86633 8.552 6.829L1 1.884V12.384C1 12.564 1.05767 12.7117 1.173 12.827C1.28833 12.9423 1.436 13 1.616 13H16.385C16.5643 13 16.7117 12.9423 16.827 12.827C16.9423 12.7117 17 12.564 17 12.384V1.885ZM9 6L16.692 1H1.308L9 6ZM1 2.096V1.285V1.319V1V1.32V1.268V2.096Z\" fill=\"#E6BE7C\"\/>\n<\/svg><a href=\"m&#x61;i&#108;&#x74;o&#x3a;s&#112;&#x65;l&#x61;&#x2e;m&#x69;h&#101;&#x6c;i&#x6e;&#x2d;j&#x61;c&#105;&#x6d;o&#x76;i&#99;&#x40;p&#114;&#x6f;f&#x69;l&#46;&#x73;i\">s&#112;&#x65;&#x6c;a&#46;&#x6d;&#x69;h&#101;&#x6c;&#x69;n&#45;&#x6a;&#x61;c&#105;&#x6d;&#x6f;v&#105;&#x63;&#x40;p&#114;&#x6f;&#x66;i&#108;&#x2e;&#x73;i<\/a><\/div>\n                  <\/div>\n       \n                \r\n        <div class=\"cta-block-container \">\r\n          <div class=\"container\">\r\n            <div class=\"row\">\r\n              <div class=\"col\">\r\n                                                <div class=\"txt-container\">\r\n                  <h4>\u201cWe all follow our own path. My role is to help others see theirs more clearly and have greater confidence in themselves.\u201d<\/h4>\r\n                <\/div>\r\n                                              <\/div>\r\n            <\/div>\r\n          <\/div>\r\n        <\/div>\r\n      \r\n        \r\n        [vc_empty_space][vc_column_text]<\/p>\n<h4>Professional focus and experience<\/h4>\n<p>\u0160pela holds a master\u2019s degree in Law and has redirected her career path from the traditional legal environment towards the world of people and organisations. Once she realised that individual stories inspired her more than legal processes, she found in Profil an environment where she could combine analytical thinking with human warmth. Her work combines legal expertise with consulting in the areas of personnel search and selection, and organisational systems. She began her career as a trainee and, over time, progressed to become an independent consultant and project manager. Her experience across industries such as construction, energy, IT, banking, and real estate enables her to quickly understand company structures and client needs. She has a particular interest in areas that intertwine the legal framework with human development, ranging from systemisation and pay policies to organisational culture and employee satisfaction. She grounds her work in clarity, trust, and humanity, cornerstones she regards as essential.<\/p>\n<h4>Working approach<\/h4>\n<p>In her work, she creates a non-judgemental environment in which candidates and clients feel safe, heard, and respected. She builds trust through open, transparent communication and consistency. She ensures that those involved have clear visibility into ongoing developments and feel fully included in the process. Her natural curiosity leads her to peek behind the curtain, seeking to understand not only people\u2019s actions but also the reasoning behind them. Her ability to listen and integrate different perspectives helps bridge the individual and the organisation, helping both to achieve what they are seeking \u2013 agreement, development, and growth.<\/p>\n<h4>Experience of collaboration<\/h4>\n<p>Colleagues and clients describe her as a warm, reliable, and professional partner who combines professionalism with genuine humanity. They value her determined, confident, and authentic approach to her work. She builds relationships grounded in trust, transparency, and clarity, ensuring that everyone feels understood.[\/vc_column_text][\/vc_column][vc_column width=&#8221;1\/12&#8243;][\/vc_column][\/vc_row]<\/p>\n<\/div>","protected":false},"excerpt":{"rendered":"<p>[vc_row full_width=&#8221;stretch_row_content_no_spaces&#8221;][vc_column][\/vc_column][\/vc_row][vc_row el_class=&#8221;bottom-padding&#8221;][vc_column width=&#8221;1\/12&#8243;][\/vc_column][vc_column width=&#8221;4\/12&#8243;][\/vc_column][vc_column width=&#8221;6\/12&#8243;][vc_empty_space][vc_column_text] Professional focus and experience \u0160pela holds a master\u2019s degree in Law and has redirected her career path from the traditional legal environment towards the world of people and organisations. Once she realised that individual stories inspired her more than legal processes, she found in Profil an environment where she could combine analytical thinking with human warmth. Her work combines legal expertise with consulting in the areas of personnel search and selection, and organisational systems. She began her career as a trainee and, over time, progressed to become an independent consultant and project manager. Her experience across industries such as construction, energy, IT, banking, and real estate enables her to quickly understand company structures and [&hellip;]<\/p>\n","protected":false},"author":1,"featured_media":804,"parent":1648,"menu_order":9,"comment_status":"closed","ping_status":"closed","template":"","meta":{"_acf_changed":false,"footnotes":""},"class_list":["post-1630","page","type-page","status-publish","has-post-thumbnail","hentry"],"acf":[],"yoast_head":"<!-- This site is optimized with the Yoast SEO plugin v26.1.1 - https:\/\/yoast.com\/wordpress\/plugins\/seo\/ -->\n<title>\u0160pela Mihelin Ja\u0107imovi\u0107 - Profil<\/title>\n<meta name=\"robots\" content=\"index, follow, max-snippet:-1, max-image-preview:large, max-video-preview:-1\" \/>\n<link rel=\"canonical\" href=\"https:\/\/www.profil-group.com\/en\/our-story\/team-profiles\/spela-mihelin-jacimovic\/\" \/>\n<meta property=\"og:locale\" content=\"en_US\" \/>\n<meta property=\"og:type\" content=\"article\" \/>\n<meta property=\"og:title\" content=\"\u0160pela Mihelin Ja\u0107imovi\u0107 - Profil\" \/>\n<meta property=\"og:description\" content=\"[vc_row full_width=&#8221;stretch_row_content_no_spaces&#8221;][vc_column][\/vc_column][\/vc_row][vc_row el_class=&#8221;bottom-padding&#8221;][vc_column width=&#8221;1\/12&#8243;][\/vc_column][vc_column width=&#8221;4\/12&#8243;][\/vc_column][vc_column width=&#8221;6\/12&#8243;][vc_empty_space][vc_column_text] Professional focus and experience \u0160pela holds a master\u2019s degree in Law and has redirected her career path from the traditional legal environment towards the world of people and organisations. Once she realised that individual stories inspired her more than legal processes, she found in Profil an environment where she could combine analytical thinking with human warmth. Her work combines legal expertise with consulting in the areas of personnel search and selection, and organisational systems. She began her career as a trainee and, over time, progressed to become an independent consultant and project manager. Her experience across industries such as construction, energy, IT, banking, and real estate enables her to quickly understand company structures and [&hellip;]\" \/>\n<meta property=\"og:url\" content=\"https:\/\/www.profil-group.com\/en\/our-story\/team-profiles\/spela-mihelin-jacimovic\/\" \/>\n<meta property=\"og:site_name\" content=\"Profil\" \/>\n<meta property=\"article:modified_time\" content=\"2026-02-06T10:34:08+00:00\" \/>\n<meta property=\"og:image\" content=\"https:\/\/www.profil-group.com\/wp-content\/uploads\/2025\/11\/Spela-Mihelin-Jacimovic-small.jpg\" \/>\n\t<meta property=\"og:image:width\" content=\"667\" \/>\n\t<meta property=\"og:image:height\" content=\"1000\" \/>\n\t<meta property=\"og:image:type\" content=\"image\/jpeg\" \/>\n<meta name=\"twitter:card\" content=\"summary_large_image\" \/>\n<meta name=\"twitter:label1\" content=\"Est. reading time\" \/>\n\t<meta name=\"twitter:data1\" content=\"3 minutes\" \/>\n<script type=\"application\/ld+json\" class=\"yoast-schema-graph\">{\"@context\":\"https:\/\/schema.org\",\"@graph\":[{\"@type\":\"WebPage\",\"@id\":\"https:\/\/www.profil-group.com\/en\/our-story\/team-profiles\/spela-mihelin-jacimovic\/\",\"url\":\"https:\/\/www.profil-group.com\/en\/our-story\/team-profiles\/spela-mihelin-jacimovic\/\",\"name\":\"\u0160pela Mihelin Ja\u0107imovi\u0107 - Profil\",\"isPartOf\":{\"@id\":\"https:\/\/www.profil-group.com\/#website\"},\"primaryImageOfPage\":{\"@id\":\"https:\/\/www.profil-group.com\/en\/our-story\/team-profiles\/spela-mihelin-jacimovic\/#primaryimage\"},\"image\":{\"@id\":\"https:\/\/www.profil-group.com\/en\/our-story\/team-profiles\/spela-mihelin-jacimovic\/#primaryimage\"},\"thumbnailUrl\":\"https:\/\/www.profil-group.com\/wp-content\/uploads\/2025\/11\/Spela-Mihelin-Jacimovic-small.jpg\",\"datePublished\":\"2025-10-16T10:05:27+00:00\",\"dateModified\":\"2026-02-06T10:34:08+00:00\",\"breadcrumb\":{\"@id\":\"https:\/\/www.profil-group.com\/en\/our-story\/team-profiles\/spela-mihelin-jacimovic\/#breadcrumb\"},\"inLanguage\":\"en-US\",\"potentialAction\":[{\"@type\":\"ReadAction\",\"target\":[\"https:\/\/www.profil-group.com\/en\/our-story\/team-profiles\/spela-mihelin-jacimovic\/\"]}]},{\"@type\":\"ImageObject\",\"inLanguage\":\"en-US\",\"@id\":\"https:\/\/www.profil-group.com\/en\/our-story\/team-profiles\/spela-mihelin-jacimovic\/#primaryimage\",\"url\":\"https:\/\/www.profil-group.com\/wp-content\/uploads\/2025\/11\/Spela-Mihelin-Jacimovic-small.jpg\",\"contentUrl\":\"https:\/\/www.profil-group.com\/wp-content\/uploads\/2025\/11\/Spela-Mihelin-Jacimovic-small.jpg\",\"width\":667,\"height\":1000},{\"@type\":\"BreadcrumbList\",\"@id\":\"https:\/\/www.profil-group.com\/en\/our-story\/team-profiles\/spela-mihelin-jacimovic\/#breadcrumb\",\"itemListElement\":[{\"@type\":\"ListItem\",\"position\":1,\"name\":\"Home\",\"item\":\"https:\/\/www.profil-group.com\/en\/\"},{\"@type\":\"ListItem\",\"position\":2,\"name\":\"Our Story\",\"item\":\"https:\/\/www.profil-group.com\/en\/our-story\/\"},{\"@type\":\"ListItem\",\"position\":3,\"name\":\"Team Profiles\",\"item\":\"https:\/\/www.profil-group.com\/en\/our-story\/team-profiles\/\"},{\"@type\":\"ListItem\",\"position\":4,\"name\":\"\u0160pela Mihelin Ja\u0107imovi\u0107\"}]},{\"@type\":\"WebSite\",\"@id\":\"https:\/\/www.profil-group.com\/#website\",\"url\":\"https:\/\/www.profil-group.com\/\",\"name\":\"Profil\",\"description\":\"\",\"potentialAction\":[{\"@type\":\"SearchAction\",\"target\":{\"@type\":\"EntryPoint\",\"urlTemplate\":\"https:\/\/www.profil-group.com\/?s={search_term_string}\"},\"query-input\":{\"@type\":\"PropertyValueSpecification\",\"valueRequired\":true,\"valueName\":\"search_term_string\"}}],\"inLanguage\":\"en-US\"}]}<\/script>\n<!-- \/ Yoast SEO plugin. -->","yoast_head_json":{"title":"\u0160pela Mihelin Ja\u0107imovi\u0107 - Profil","robots":{"index":"index","follow":"follow","max-snippet":"max-snippet:-1","max-image-preview":"max-image-preview:large","max-video-preview":"max-video-preview:-1"},"canonical":"https:\/\/www.profil-group.com\/en\/our-story\/team-profiles\/spela-mihelin-jacimovic\/","og_locale":"en_US","og_type":"article","og_title":"\u0160pela Mihelin Ja\u0107imovi\u0107 - Profil","og_description":"[vc_row full_width=&#8221;stretch_row_content_no_spaces&#8221;][vc_column][\/vc_column][\/vc_row][vc_row el_class=&#8221;bottom-padding&#8221;][vc_column width=&#8221;1\/12&#8243;][\/vc_column][vc_column width=&#8221;4\/12&#8243;][\/vc_column][vc_column width=&#8221;6\/12&#8243;][vc_empty_space][vc_column_text] Professional focus and experience \u0160pela holds a master\u2019s degree in Law and has redirected her career path from the traditional legal environment towards the world of people and organisations. Once she realised that individual stories inspired her more than legal processes, she found in Profil an environment where she could combine analytical thinking with human warmth. Her work combines legal expertise with consulting in the areas of personnel search and selection, and organisational systems. She began her career as a trainee and, over time, progressed to become an independent consultant and project manager. Her experience across industries such as construction, energy, IT, banking, and real estate enables her to quickly understand company structures and [&hellip;]","og_url":"https:\/\/www.profil-group.com\/en\/our-story\/team-profiles\/spela-mihelin-jacimovic\/","og_site_name":"Profil","article_modified_time":"2026-02-06T10:34:08+00:00","og_image":[{"width":667,"height":1000,"url":"https:\/\/www.profil-group.com\/wp-content\/uploads\/2025\/11\/Spela-Mihelin-Jacimovic-small.jpg","type":"image\/jpeg"}],"twitter_card":"summary_large_image","twitter_misc":{"Est. reading time":"3 minutes"},"schema":{"@context":"https:\/\/schema.org","@graph":[{"@type":"WebPage","@id":"https:\/\/www.profil-group.com\/en\/our-story\/team-profiles\/spela-mihelin-jacimovic\/","url":"https:\/\/www.profil-group.com\/en\/our-story\/team-profiles\/spela-mihelin-jacimovic\/","name":"\u0160pela Mihelin Ja\u0107imovi\u0107 - Profil","isPartOf":{"@id":"https:\/\/www.profil-group.com\/#website"},"primaryImageOfPage":{"@id":"https:\/\/www.profil-group.com\/en\/our-story\/team-profiles\/spela-mihelin-jacimovic\/#primaryimage"},"image":{"@id":"https:\/\/www.profil-group.com\/en\/our-story\/team-profiles\/spela-mihelin-jacimovic\/#primaryimage"},"thumbnailUrl":"https:\/\/www.profil-group.com\/wp-content\/uploads\/2025\/11\/Spela-Mihelin-Jacimovic-small.jpg","datePublished":"2025-10-16T10:05:27+00:00","dateModified":"2026-02-06T10:34:08+00:00","breadcrumb":{"@id":"https:\/\/www.profil-group.com\/en\/our-story\/team-profiles\/spela-mihelin-jacimovic\/#breadcrumb"},"inLanguage":"en-US","potentialAction":[{"@type":"ReadAction","target":["https:\/\/www.profil-group.com\/en\/our-story\/team-profiles\/spela-mihelin-jacimovic\/"]}]},{"@type":"ImageObject","inLanguage":"en-US","@id":"https:\/\/www.profil-group.com\/en\/our-story\/team-profiles\/spela-mihelin-jacimovic\/#primaryimage","url":"https:\/\/www.profil-group.com\/wp-content\/uploads\/2025\/11\/Spela-Mihelin-Jacimovic-small.jpg","contentUrl":"https:\/\/www.profil-group.com\/wp-content\/uploads\/2025\/11\/Spela-Mihelin-Jacimovic-small.jpg","width":667,"height":1000},{"@type":"BreadcrumbList","@id":"https:\/\/www.profil-group.com\/en\/our-story\/team-profiles\/spela-mihelin-jacimovic\/#breadcrumb","itemListElement":[{"@type":"ListItem","position":1,"name":"Home","item":"https:\/\/www.profil-group.com\/en\/"},{"@type":"ListItem","position":2,"name":"Our Story","item":"https:\/\/www.profil-group.com\/en\/our-story\/"},{"@type":"ListItem","position":3,"name":"Team Profiles","item":"https:\/\/www.profil-group.com\/en\/our-story\/team-profiles\/"},{"@type":"ListItem","position":4,"name":"\u0160pela Mihelin Ja\u0107imovi\u0107"}]},{"@type":"WebSite","@id":"https:\/\/www.profil-group.com\/#website","url":"https:\/\/www.profil-group.com\/","name":"Profil","description":"","potentialAction":[{"@type":"SearchAction","target":{"@type":"EntryPoint","urlTemplate":"https:\/\/www.profil-group.com\/?s={search_term_string}"},"query-input":{"@type":"PropertyValueSpecification","valueRequired":true,"valueName":"search_term_string"}}],"inLanguage":"en-US"}]}},"_links":{"self":[{"href":"https:\/\/www.profil-group.com\/en\/wp-json\/wp\/v2\/pages\/1630","targetHints":{"allow":["GET"]}}],"collection":[{"href":"https:\/\/www.profil-group.com\/en\/wp-json\/wp\/v2\/pages"}],"about":[{"href":"https:\/\/www.profil-group.com\/en\/wp-json\/wp\/v2\/types\/page"}],"author":[{"embeddable":true,"href":"https:\/\/www.profil-group.com\/en\/wp-json\/wp\/v2\/users\/1"}],"replies":[{"embeddable":true,"href":"https:\/\/www.profil-group.com\/en\/wp-json\/wp\/v2\/comments?post=1630"}],"version-history":[{"count":3,"href":"https:\/\/www.profil-group.com\/en\/wp-json\/wp\/v2\/pages\/1630\/revisions"}],"predecessor-version":[{"id":2012,"href":"https:\/\/www.profil-group.com\/en\/wp-json\/wp\/v2\/pages\/1630\/revisions\/2012"}],"up":[{"embeddable":true,"href":"https:\/\/www.profil-group.com\/en\/wp-json\/wp\/v2\/pages\/1648"}],"wp:featuredmedia":[{"embeddable":true,"href":"https:\/\/www.profil-group.com\/en\/wp-json\/wp\/v2\/media\/804"}],"wp:attachment":[{"href":"https:\/\/www.profil-group.com\/en\/wp-json\/wp\/v2\/media?parent=1630"}],"curies":[{"name":"wp","href":"https:\/\/api.w.org\/{rel}","templated":true}]}}