{"id":1648,"date":"2025-10-13T07:04:39","date_gmt":"2025-10-13T05:04:39","guid":{"rendered":"https:\/\/www.profil-group.com\/ekipa\/"},"modified":"2026-01-19T15:34:57","modified_gmt":"2026-01-19T14:34:57","slug":"team-profiles","status":"publish","type":"page","link":"https:\/\/www.profil-group.com\/en\/our-story\/team-profiles\/","title":{"rendered":"Team Profiles"},"content":{"rendered":"<div class=\"wpb-content-wrapper\"><p>[vc_row full_width=&#8221;stretch_row_content_no_spaces&#8221;][vc_column]        \r\n        <div class=\"title-banner no-intro-image  \" style=\"\">\r\n          <div class=\"container\">\r\n            <div class=\"breadcrumbs-container\">\r\n                    <div class=\"breadcrumbs\">\r\n                      <p id=\"breadcrumbs\"><span><span><a href=\"https:\/\/www.profil-group.com\/en\/\">Home<\/a><\/span><\/span><\/p>                      <div class=\"clearfix\"><\/div>\r\n                    <\/div>\r\n                <\/div>\r\n                                                          <h1>Team Profiles<\/h1>\r\n                                              <\/div>\r\n        <\/div>\r\n        [\/vc_column][\/vc_row][vc_row][vc_column]\r\n                  <div class=\"subpages-list subpages-with-img \"\r\n               style=\"display:grid;\r\n                      grid-template-columns: repeat(4, 1fr);\r\n                      grid-gap: 30px;\">\r\n        \r\n      \r\n           \r\n                \r\n                                    <div class=\"subpage-card\">\r\n                <div class=\"row\">\r\n                  <div class=\"col-12\">\r\n                    <div class=\"subpages-img-container\">\r\n                    <a href=\"https:\/\/www.profil-group.com\/en\/our-story\/team-profiles\/jani-zupan\/\"><img decoding=\"async\" src=\"https:\/\/www.profil-group.com\/wp-content\/uploads\/2025\/10\/Rectangle-40.png\" \/><\/a>\r\n                    <\/div>\r\n                  <\/div>\r\n                  <div class=\"col-12 subpage-txt-container\">\r\n                    <div>\r\n                      <h4><a href=\"https:\/\/www.profil-group.com\/en\/our-story\/team-profiles\/jani-zupan\/\">Jani Zupan<\/a><\/h4>\r\n                      <!--<p>\r\nProfessional focus and experience\r\nJani brings  ...<\/p>-->\r\n                      <a href=\"https:\/\/www.profil-group.com\/en\/our-story\/team-profiles\/jani-zupan\/\"><\/a>\r\n                      <div class=\"education\">MBA<\/div>\r\n                      <div class=\"position\">CEO and Partner<\/div>\r\n                    <\/div>\r\n                  <\/div>\r\n                <\/div>\r\n              <\/div>\r\n                                      \r\n                                    <div class=\"subpage-card\">\r\n                <div class=\"row\">\r\n                  <div class=\"col-12\">\r\n                    <div class=\"subpages-img-container\">\r\n                    <a href=\"https:\/\/www.profil-group.com\/en\/our-story\/team-profiles\/primoz-klemen\/\"><img decoding=\"async\" src=\"https:\/\/www.profil-group.com\/wp-content\/uploads\/2025\/10\/Rectangle-40-1.png\" \/><\/a>\r\n                    <\/div>\r\n                  <\/div>\r\n                  <div class=\"col-12 subpage-txt-container\">\r\n                    <div>\r\n                      <h4><a href=\"https:\/\/www.profil-group.com\/en\/our-story\/team-profiles\/primoz-klemen\/\">Primo\u017e Klemen<\/a><\/h4>\r\n                      <!--<p>\r\nProfessional focus and experience\r\nAs one of  ...<\/p>-->\r\n                      <a href=\"https:\/\/www.profil-group.com\/en\/our-story\/team-profiles\/primoz-klemen\/\"><\/a>\r\n                      <div class=\"education\">Professor of Philosophy and Psychology<\/div>\r\n                      <div class=\"position\">Project Director and Partner<\/div>\r\n                    <\/div>\r\n                  <\/div>\r\n                <\/div>\r\n              <\/div>\r\n                                      \r\n                                    <div class=\"subpage-card\">\r\n                <div class=\"row\">\r\n                  <div class=\"col-12\">\r\n                    <div class=\"subpages-img-container\">\r\n                    <a href=\"https:\/\/www.profil-group.com\/en\/our-story\/team-profiles\/zoran-lazukic\/\"><img decoding=\"async\" src=\"https:\/\/www.profil-group.com\/wp-content\/uploads\/2025\/10\/Rectangle-40-2.png\" \/><\/a>\r\n                    <\/div>\r\n                  <\/div>\r\n                  <div class=\"col-12 subpage-txt-container\">\r\n                    <div>\r\n                      <h4><a href=\"https:\/\/www.profil-group.com\/en\/our-story\/team-profiles\/zoran-lazukic\/\">Zoran Lazuki\u0107<\/a><\/h4>\r\n                      <!--<p>\r\nProfessional focus and experience\r\nZoran has  ...<\/p>-->\r\n                      <a href=\"https:\/\/www.profil-group.com\/en\/our-story\/team-profiles\/zoran-lazukic\/\"><\/a>\r\n                      <div class=\"education\">MA in Sociology<\/div>\r\n                      <div class=\"position\">Project Director and Partner<\/div>\r\n                    <\/div>\r\n                  <\/div>\r\n                <\/div>\r\n              <\/div>\r\n                                      \r\n                                    <div class=\"subpage-card\">\r\n                <div class=\"row\">\r\n                  <div class=\"col-12\">\r\n                    <div class=\"subpages-img-container\">\r\n                    <a href=\"https:\/\/www.profil-group.com\/en\/our-story\/team-profiles\/tina-troha\/\"><img decoding=\"async\" src=\"https:\/\/www.profil-group.com\/wp-content\/uploads\/2025\/11\/Tina-Troha-kvadrat.jpg\" \/><\/a>\r\n                    <\/div>\r\n                  <\/div>\r\n                  <div class=\"col-12 subpage-txt-container\">\r\n                    <div>\r\n                      <h4><a href=\"https:\/\/www.profil-group.com\/en\/our-story\/team-profiles\/tina-troha\/\">Tina Troha<\/a><\/h4>\r\n                      <!--<p>\r\nProfessional focus and experience\r\nTina brings  ...<\/p>-->\r\n                      <a href=\"https:\/\/www.profil-group.com\/en\/our-story\/team-profiles\/tina-troha\/\"><\/a>\r\n                      <div class=\"education\">LLB<\/div>\r\n                      <div class=\"position\">Project Director, Strategic Consulting<\/div>\r\n                    <\/div>\r\n                  <\/div>\r\n                <\/div>\r\n              <\/div>\r\n                                      \r\n                                    <div class=\"subpage-card\">\r\n                <div class=\"row\">\r\n                  <div class=\"col-12\">\r\n                    <div class=\"subpages-img-container\">\r\n                    <a href=\"https:\/\/www.profil-group.com\/en\/our-story\/team-profiles\/maja-remic\/\"><img decoding=\"async\" src=\"https:\/\/www.profil-group.com\/wp-content\/uploads\/2025\/11\/Maja-Remic-kvadrat.jpg\" \/><\/a>\r\n                    <\/div>\r\n                  <\/div>\r\n                  <div class=\"col-12 subpage-txt-container\">\r\n                    <div>\r\n                      <h4><a href=\"https:\/\/www.profil-group.com\/en\/our-story\/team-profiles\/maja-remic\/\">Maja Remic<\/a><\/h4>\r\n                      <!--<p>\r\nProfessional focus and experience\r\nMaja's  ...<\/p>-->\r\n                      <a href=\"https:\/\/www.profil-group.com\/en\/our-story\/team-profiles\/maja-remic\/\"><\/a>\r\n                      <div class=\"education\">BSc in Economics<\/div>\r\n                      <div class=\"position\">Project Director, Business Development<\/div>\r\n                    <\/div>\r\n                  <\/div>\r\n                <\/div>\r\n              <\/div>\r\n                                      \r\n                                    <div class=\"subpage-card\">\r\n                <div class=\"row\">\r\n                  <div class=\"col-12\">\r\n                    <div class=\"subpages-img-container\">\r\n                    <a href=\"https:\/\/www.profil-group.com\/en\/our-story\/team-profiles\/rosana-vidovic\/\"><img decoding=\"async\" src=\"https:\/\/www.profil-group.com\/wp-content\/uploads\/2025\/10\/Rectangle-40-3.png\" \/><\/a>\r\n                    <\/div>\r\n                  <\/div>\r\n                  <div class=\"col-12 subpage-txt-container\">\r\n                    <div>\r\n                      <h4><a href=\"https:\/\/www.profil-group.com\/en\/our-story\/team-profiles\/rosana-vidovic\/\">Rosana Vidovi\u010d<\/a><\/h4>\r\n                      <!--<p>\r\nProfessional focus and experience\r\nRosana  ...<\/p>-->\r\n                      <a href=\"https:\/\/www.profil-group.com\/en\/our-story\/team-profiles\/rosana-vidovic\/\"><\/a>\r\n                      <div class=\"education\">MA in Psychology<\/div>\r\n                      <div class=\"position\">Project Manager \u2013 HR Consultant<\/div>\r\n                    <\/div>\r\n                  <\/div>\r\n                <\/div>\r\n              <\/div>\r\n                                      \r\n                                    <div class=\"subpage-card\">\r\n                <div class=\"row\">\r\n                  <div class=\"col-12\">\r\n                    <div class=\"subpages-img-container\">\r\n                    <a href=\"https:\/\/www.profil-group.com\/en\/our-story\/team-profiles\/nejka-vodnjov\/\"><img decoding=\"async\" src=\"https:\/\/www.profil-group.com\/wp-content\/uploads\/2025\/11\/Nejka-Vodnjov-kvadrat.jpg\" \/><\/a>\r\n                    <\/div>\r\n                  <\/div>\r\n                  <div class=\"col-12 subpage-txt-container\">\r\n                    <div>\r\n                      <h4><a href=\"https:\/\/www.profil-group.com\/en\/our-story\/team-profiles\/nejka-vodnjov\/\">Nejka Vodnjov<\/a><\/h4>\r\n                      <!--<p>\r\nProfessional focus and experience\r\nNejka  ...<\/p>-->\r\n                      <a href=\"https:\/\/www.profil-group.com\/en\/our-story\/team-profiles\/nejka-vodnjov\/\"><\/a>\r\n                      <div class=\"education\">MA in Psychology<\/div>\r\n                      <div class=\"position\">Project Manager \u2013 HR Consultant<\/div>\r\n                    <\/div>\r\n                  <\/div>\r\n                <\/div>\r\n              <\/div>\r\n                                      \r\n                                    <div class=\"subpage-card\">\r\n                <div class=\"row\">\r\n                  <div class=\"col-12\">\r\n                    <div class=\"subpages-img-container\">\r\n                    <a href=\"https:\/\/www.profil-group.com\/en\/our-story\/team-profiles\/masa-androjna\/\"><img decoding=\"async\" src=\"https:\/\/www.profil-group.com\/wp-content\/uploads\/2025\/12\/Prikazna-foto-ekipa-2.png\" \/><\/a>\r\n                    <\/div>\r\n                  <\/div>\r\n                  <div class=\"col-12 subpage-txt-container\">\r\n                    <div>\r\n                      <h4><a href=\"https:\/\/www.profil-group.com\/en\/our-story\/team-profiles\/masa-androjna\/\">Ma\u0161a Androjna<\/a><\/h4>\r\n                      <!--<p>\r\nProfessional focus and experience\r\nMa\u0161a  ...<\/p>-->\r\n                      <a href=\"https:\/\/www.profil-group.com\/en\/our-story\/team-profiles\/masa-androjna\/\"><\/a>\r\n                      <div class=\"education\">MA in Psychology<\/div>\r\n                      <div class=\"position\">Project Manager \u2013 HR Consultant<\/div>\r\n                    <\/div>\r\n                  <\/div>\r\n                <\/div>\r\n              <\/div>\r\n                                      \r\n                                    <div class=\"subpage-card\">\r\n                <div class=\"row\">\r\n                  <div class=\"col-12\">\r\n                    <div class=\"subpages-img-container\">\r\n                    <a href=\"https:\/\/www.profil-group.com\/en\/our-story\/team-profiles\/nika-vodnjov\/\"><img decoding=\"async\" src=\"https:\/\/www.profil-group.com\/wp-content\/uploads\/2025\/11\/Nika-Vodnjov-kvadrat.jpg\" \/><\/a>\r\n                    <\/div>\r\n                  <\/div>\r\n                  <div class=\"col-12 subpage-txt-container\">\r\n                    <div>\r\n                      <h4><a href=\"https:\/\/www.profil-group.com\/en\/our-story\/team-profiles\/nika-vodnjov\/\">Nika Vodnjov<\/a><\/h4>\r\n                      <!--<p>\r\nProfessional focus and experience\r\nNika  ...<\/p>-->\r\n                      <a href=\"https:\/\/www.profil-group.com\/en\/our-story\/team-profiles\/nika-vodnjov\/\"><\/a>\r\n                      <div class=\"education\">MA in Psychology<\/div>\r\n                      <div class=\"position\">Project Assistant \u2013 Psychologist <\/div>\r\n                    <\/div>\r\n                  <\/div>\r\n                <\/div>\r\n              <\/div>\r\n                                      \r\n                                    <div class=\"subpage-card\">\r\n                <div class=\"row\">\r\n                  <div class=\"col-12\">\r\n                    <div class=\"subpages-img-container\">\r\n                    <a href=\"https:\/\/www.profil-group.com\/en\/our-story\/team-profiles\/spela-mihelin-jacimovic\/\"><img decoding=\"async\" src=\"https:\/\/www.profil-group.com\/wp-content\/uploads\/2025\/11\/Spela-Mihelin-Jacimovic-small.jpg\" \/><\/a>\r\n                    <\/div>\r\n                  <\/div>\r\n                  <div class=\"col-12 subpage-txt-container\">\r\n                    <div>\r\n                      <h4><a href=\"https:\/\/www.profil-group.com\/en\/our-story\/team-profiles\/spela-mihelin-jacimovic\/\">\u0160pela Mihelin Ja\u0107imovi\u0107<\/a><\/h4>\r\n                      <!--<p>\r\nProfessional focus and experience\r\n\u0160pela  ...<\/p>-->\r\n                      <a href=\"https:\/\/www.profil-group.com\/en\/our-story\/team-profiles\/spela-mihelin-jacimovic\/\"><\/a>\r\n                      <div class=\"education\">MA of Laws<\/div>\r\n                      <div class=\"position\">Project Manager \u2013 Legal and HR Consultant<\/div>\r\n                    <\/div>\r\n                  <\/div>\r\n                <\/div>\r\n              <\/div>\r\n                                      \r\n                                    <div class=\"subpage-card\">\r\n                <div class=\"row\">\r\n                  <div class=\"col-12\">\r\n                    <div class=\"subpages-img-container\">\r\n                    <a href=\"https:\/\/www.profil-group.com\/en\/our-story\/team-profiles\/romana-rus\/\"><img decoding=\"async\" src=\"https:\/\/www.profil-group.com\/wp-content\/uploads\/2025\/11\/Romana-Rus-kvadrat.jpg\" \/><\/a>\r\n                    <\/div>\r\n                  <\/div>\r\n                  <div class=\"col-12 subpage-txt-container\">\r\n                    <div>\r\n                      <h4><a href=\"https:\/\/www.profil-group.com\/en\/our-story\/team-profiles\/romana-rus\/\">Romana Rus<\/a><\/h4>\r\n                      <!--<p>\r\nProfessional focus and experience\r\nRomana is a  ...<\/p>-->\r\n                      <a href=\"https:\/\/www.profil-group.com\/en\/our-story\/team-profiles\/romana-rus\/\"><\/a>\r\n                      <div class=\"education\">BA in Economics<\/div>\r\n                      <div class=\"position\">Head of Business Administration<\/div>\r\n                    <\/div>\r\n                  <\/div>\r\n                <\/div>\r\n              <\/div>\r\n                                      \r\n                                    <div class=\"subpage-card\">\r\n                <div class=\"row\">\r\n                  <div class=\"col-12\">\r\n                    <div class=\"subpages-img-container\">\r\n                    <a href=\"https:\/\/www.profil-group.com\/en\/our-story\/team-profiles\/tjasa-arh\/\"><img decoding=\"async\" src=\"https:\/\/www.profil-group.com\/wp-content\/uploads\/2025\/11\/Tjasa-Arh-kvadrat.jpg\" \/><\/a>\r\n                    <\/div>\r\n                  <\/div>\r\n                  <div class=\"col-12 subpage-txt-container\">\r\n                    <div>\r\n                      <h4><a href=\"https:\/\/www.profil-group.com\/en\/our-story\/team-profiles\/tjasa-arh\/\">Tja\u0161a Arh<\/a><\/h4>\r\n                      <!--<p>\r\nProfessional focus and experience\r\nIn her  ...<\/p>-->\r\n                      <a href=\"https:\/\/www.profil-group.com\/en\/our-story\/team-profiles\/tjasa-arh\/\"><\/a>\r\n                      <div class=\"education\">Economist<\/div>\r\n                      <div class=\"position\">Project Assistant<\/div>\r\n                    <\/div>\r\n                  <\/div>\r\n                <\/div>\r\n              <\/div>\r\n                                      \r\n                                    <div class=\"subpage-card\">\r\n                <div class=\"row\">\r\n                  <div class=\"col-12\">\r\n                    <div class=\"subpages-img-container\">\r\n                    <a href=\"https:\/\/www.profil-group.com\/en\/our-story\/team-profiles\/tina-frohlich\/\"><img decoding=\"async\" src=\"https:\/\/www.profil-group.com\/wp-content\/uploads\/2025\/11\/Tina-Frohlich-kvadrat.jpg\" \/><\/a>\r\n                    <\/div>\r\n                  <\/div>\r\n                  <div class=\"col-12 subpage-txt-container\">\r\n                    <div>\r\n                      <h4><a href=\"https:\/\/www.profil-group.com\/en\/our-story\/team-profiles\/tina-frohlich\/\">Tina Fr\u00f6hlich<\/a><\/h4>\r\n                      <!--<p>\r\nProfessional focus and experience\r\nTina has  ...<\/p>-->\r\n                      <a href=\"https:\/\/www.profil-group.com\/en\/our-story\/team-profiles\/tina-frohlich\/\"><\/a>\r\n                      <div class=\"education\"><\/div>\r\n                      <div class=\"position\">Trainer in Leadership and Communication Skills, Coach, Facilitator<\/div>\r\n                    <\/div>\r\n                  <\/div>\r\n                <\/div>\r\n              <\/div>\r\n                                      \r\n                                    <div class=\"subpage-card\">\r\n                <div class=\"row\">\r\n                  <div class=\"col-12\">\r\n                    <div class=\"subpages-img-container\">\r\n                    <a href=\"https:\/\/www.profil-group.com\/en\/our-story\/team-profiles\/larisa-grizilo\/\"><img decoding=\"async\" src=\"https:\/\/www.profil-group.com\/wp-content\/uploads\/2026\/03\/larisa_darkomares.jpg\" \/><\/a>\r\n                    <\/div>\r\n                  <\/div>\r\n                  <div class=\"col-12 subpage-txt-container\">\r\n                    <div>\r\n                      <h4><a href=\"https:\/\/www.profil-group.com\/en\/our-story\/team-profiles\/larisa-grizilo\/\">Larisa Grizilo<\/a><\/h4>\r\n                      <!--<p>\r\nProfessional focus and experience\r\nLarisa has  ...<\/p>-->\r\n                      <a href=\"https:\/\/www.profil-group.com\/en\/our-story\/team-profiles\/larisa-grizilo\/\"><\/a>\r\n                      <div class=\"education\"><\/div>\r\n                      <div class=\"position\">Strategic HR Consultant<\/div>\r\n                    <\/div>\r\n                  <\/div>\r\n                <\/div>\r\n              <\/div>\r\n                                      \r\n                                    <div class=\"subpage-card\">\r\n                <div class=\"row\">\r\n                  <div class=\"col-12\">\r\n                    <div class=\"subpages-img-container\">\r\n                    <a href=\"https:\/\/www.profil-group.com\/en\/our-story\/team-profiles\/spela-vauhnik\/\"><img decoding=\"async\" src=\"https:\/\/www.profil-group.com\/wp-content\/uploads\/2026\/03\/8i9a3851b.jpg\" \/><\/a>\r\n                    <\/div>\r\n                  <\/div>\r\n                  <div class=\"col-12 subpage-txt-container\">\r\n                    <div>\r\n                      <h4><a href=\"https:\/\/www.profil-group.com\/en\/our-story\/team-profiles\/spela-vauhnik\/\">\u0160pela Vauhnik<\/a><\/h4>\r\n                      <!--<p>\r\nProfessional focus and experience\r\n\u0160pela\u2019s  ...<\/p>-->\r\n                      <a href=\"https:\/\/www.profil-group.com\/en\/our-story\/team-profiles\/spela-vauhnik\/\"><\/a>\r\n                      <div class=\"education\"><\/div>\r\n                      <div class=\"position\">Consultant, Trainer and Executive Coach<\/div>\r\n                    <\/div>\r\n                  <\/div>\r\n                <\/div>\r\n              <\/div>\r\n                                      \r\n\r\n              <\/div>\r\n\r\n      \r\n        \r\n        [vc_empty_space height=&#8221;50px&#8221;][\/vc_column][\/vc_row]<\/p>\n<\/div>","protected":false},"excerpt":{"rendered":"<p>[vc_row full_width=&#8221;stretch_row_content_no_spaces&#8221;][vc_column][\/vc_column][\/vc_row][vc_row][vc_column][vc_empty_space height=&#8221;50px&#8221;][\/vc_column][\/vc_row]<\/p>\n","protected":false},"author":1,"featured_media":0,"parent":1651,"menu_order":3,"comment_status":"closed","ping_status":"closed","template":"","meta":{"_acf_changed":false,"footnotes":""},"class_list":["post-1648","page","type-page","status-publish","hentry"],"acf":[],"yoast_head":"<!-- This site is optimized with the Yoast SEO plugin v26.1.1 - https:\/\/yoast.com\/wordpress\/plugins\/seo\/ -->\n<title>Team Profiles - Profil<\/title>\n<meta name=\"robots\" content=\"index, follow, max-snippet:-1, max-image-preview:large, max-video-preview:-1\" \/>\n<link rel=\"canonical\" href=\"https:\/\/www.profil-group.com\/en\/our-story\/team-profiles\/\" \/>\n<meta property=\"og:locale\" content=\"en_US\" \/>\n<meta property=\"og:type\" content=\"article\" \/>\n<meta property=\"og:title\" content=\"Team Profiles - Profil\" \/>\n<meta property=\"og:description\" content=\"[vc_row full_width=&#8221;stretch_row_content_no_spaces&#8221;][vc_column][\/vc_column][\/vc_row][vc_row][vc_column][vc_empty_space height=&#8221;50px&#8221;][\/vc_column][\/vc_row]\" \/>\n<meta property=\"og:url\" content=\"https:\/\/www.profil-group.com\/en\/our-story\/team-profiles\/\" \/>\n<meta property=\"og:site_name\" content=\"Profil\" \/>\n<meta property=\"article:modified_time\" content=\"2026-01-19T14:34:57+00:00\" \/>\n<meta name=\"twitter:card\" content=\"summary_large_image\" \/>\n<meta name=\"twitter:label1\" content=\"Est. reading time\" \/>\n\t<meta name=\"twitter:data1\" content=\"1 minute\" \/>\n<script type=\"application\/ld+json\" class=\"yoast-schema-graph\">{\"@context\":\"https:\/\/schema.org\",\"@graph\":[{\"@type\":\"WebPage\",\"@id\":\"https:\/\/www.profil-group.com\/en\/our-story\/team-profiles\/\",\"url\":\"https:\/\/www.profil-group.com\/en\/our-story\/team-profiles\/\",\"name\":\"Team Profiles - Profil\",\"isPartOf\":{\"@id\":\"https:\/\/www.profil-group.com\/#website\"},\"datePublished\":\"2025-10-13T05:04:39+00:00\",\"dateModified\":\"2026-01-19T14:34:57+00:00\",\"breadcrumb\":{\"@id\":\"https:\/\/www.profil-group.com\/en\/our-story\/team-profiles\/#breadcrumb\"},\"inLanguage\":\"en-US\",\"potentialAction\":[{\"@type\":\"ReadAction\",\"target\":[\"https:\/\/www.profil-group.com\/en\/our-story\/team-profiles\/\"]}]},{\"@type\":\"BreadcrumbList\",\"@id\":\"https:\/\/www.profil-group.com\/en\/our-story\/team-profiles\/#breadcrumb\",\"itemListElement\":[{\"@type\":\"ListItem\",\"position\":1,\"name\":\"Home\",\"item\":\"https:\/\/www.profil-group.com\/en\/\"},{\"@type\":\"ListItem\",\"position\":2,\"name\":\"Our Story\",\"item\":\"https:\/\/www.profil-group.com\/en\/our-story\/\"},{\"@type\":\"ListItem\",\"position\":3,\"name\":\"Team Profiles\"}]},{\"@type\":\"WebSite\",\"@id\":\"https:\/\/www.profil-group.com\/#website\",\"url\":\"https:\/\/www.profil-group.com\/\",\"name\":\"Profil\",\"description\":\"\",\"potentialAction\":[{\"@type\":\"SearchAction\",\"target\":{\"@type\":\"EntryPoint\",\"urlTemplate\":\"https:\/\/www.profil-group.com\/?s={search_term_string}\"},\"query-input\":{\"@type\":\"PropertyValueSpecification\",\"valueRequired\":true,\"valueName\":\"search_term_string\"}}],\"inLanguage\":\"en-US\"}]}<\/script>\n<!-- \/ Yoast SEO plugin. -->","yoast_head_json":{"title":"Team Profiles - Profil","robots":{"index":"index","follow":"follow","max-snippet":"max-snippet:-1","max-image-preview":"max-image-preview:large","max-video-preview":"max-video-preview:-1"},"canonical":"https:\/\/www.profil-group.com\/en\/our-story\/team-profiles\/","og_locale":"en_US","og_type":"article","og_title":"Team Profiles - Profil","og_description":"[vc_row full_width=&#8221;stretch_row_content_no_spaces&#8221;][vc_column][\/vc_column][\/vc_row][vc_row][vc_column][vc_empty_space height=&#8221;50px&#8221;][\/vc_column][\/vc_row]","og_url":"https:\/\/www.profil-group.com\/en\/our-story\/team-profiles\/","og_site_name":"Profil","article_modified_time":"2026-01-19T14:34:57+00:00","twitter_card":"summary_large_image","twitter_misc":{"Est. reading time":"1 minute"},"schema":{"@context":"https:\/\/schema.org","@graph":[{"@type":"WebPage","@id":"https:\/\/www.profil-group.com\/en\/our-story\/team-profiles\/","url":"https:\/\/www.profil-group.com\/en\/our-story\/team-profiles\/","name":"Team Profiles - Profil","isPartOf":{"@id":"https:\/\/www.profil-group.com\/#website"},"datePublished":"2025-10-13T05:04:39+00:00","dateModified":"2026-01-19T14:34:57+00:00","breadcrumb":{"@id":"https:\/\/www.profil-group.com\/en\/our-story\/team-profiles\/#breadcrumb"},"inLanguage":"en-US","potentialAction":[{"@type":"ReadAction","target":["https:\/\/www.profil-group.com\/en\/our-story\/team-profiles\/"]}]},{"@type":"BreadcrumbList","@id":"https:\/\/www.profil-group.com\/en\/our-story\/team-profiles\/#breadcrumb","itemListElement":[{"@type":"ListItem","position":1,"name":"Home","item":"https:\/\/www.profil-group.com\/en\/"},{"@type":"ListItem","position":2,"name":"Our Story","item":"https:\/\/www.profil-group.com\/en\/our-story\/"},{"@type":"ListItem","position":3,"name":"Team Profiles"}]},{"@type":"WebSite","@id":"https:\/\/www.profil-group.com\/#website","url":"https:\/\/www.profil-group.com\/","name":"Profil","description":"","potentialAction":[{"@type":"SearchAction","target":{"@type":"EntryPoint","urlTemplate":"https:\/\/www.profil-group.com\/?s={search_term_string}"},"query-input":{"@type":"PropertyValueSpecification","valueRequired":true,"valueName":"search_term_string"}}],"inLanguage":"en-US"}]}},"_links":{"self":[{"href":"https:\/\/www.profil-group.com\/en\/wp-json\/wp\/v2\/pages\/1648","targetHints":{"allow":["GET"]}}],"collection":[{"href":"https:\/\/www.profil-group.com\/en\/wp-json\/wp\/v2\/pages"}],"about":[{"href":"https:\/\/www.profil-group.com\/en\/wp-json\/wp\/v2\/types\/page"}],"author":[{"embeddable":true,"href":"https:\/\/www.profil-group.com\/en\/wp-json\/wp\/v2\/users\/1"}],"replies":[{"embeddable":true,"href":"https:\/\/www.profil-group.com\/en\/wp-json\/wp\/v2\/comments?post=1648"}],"version-history":[{"count":1,"href":"https:\/\/www.profil-group.com\/en\/wp-json\/wp\/v2\/pages\/1648\/revisions"}],"predecessor-version":[{"id":1824,"href":"https:\/\/www.profil-group.com\/en\/wp-json\/wp\/v2\/pages\/1648\/revisions\/1824"}],"up":[{"embeddable":true,"href":"https:\/\/www.profil-group.com\/en\/wp-json\/wp\/v2\/pages\/1651"}],"wp:attachment":[{"href":"https:\/\/www.profil-group.com\/en\/wp-json\/wp\/v2\/media?parent=1648"}],"curies":[{"name":"wp","href":"https:\/\/api.w.org\/{rel}","templated":true}]}}